{"id":72,"date":"2025-05-27T15:55:14","date_gmt":"2025-05-27T13:55:14","guid":{"rendered":"https:\/\/eeses.org\/?page_id=72"},"modified":"2025-05-27T16:18:25","modified_gmt":"2025-05-27T14:18:25","slug":"jeeses","status":"publish","type":"page","link":"https:\/\/eeses.org\/?page_id=72","title":{"rendered":"JEESES"},"content":{"rendered":"\n<p>Le<em> <a href=\"https:\/\/jeeses.org\/\" data-type=\"link\" data-id=\"https:\/\/jeeses.org\/\">Journal Enseigner les Enjeux Socio-\u00c9cologiques dans le Sup\u00e9rieur<\/a><\/em> est publi\u00e9 par l&rsquo;association EESES. <\/p>\n\n\n\n<figure class=\"wp-block-image size-full is-resized\"><img loading=\"lazy\" decoding=\"async\" width=\"685\" height=\"297\" src=\"https:\/\/eeses.org\/wp-content\/uploads\/2025\/05\/logo-eeses.png\" alt=\"\" class=\"wp-image-76\" style=\"width:270px;height:auto\" srcset=\"https:\/\/eeses.org\/wp-content\/uploads\/2025\/05\/logo-eeses.png 685w, https:\/\/eeses.org\/wp-content\/uploads\/2025\/05\/logo-eeses-300x130.png 300w\" sizes=\"auto, (max-width: 685px) 100vw, 685px\" \/><\/figure>\n\n\n\n<p><\/p>\n","protected":false},"excerpt":{"rendered":"<p>Le Journal Enseigner les Enjeux Socio-\u00c9cologiques dans le Sup\u00e9rieur est publi\u00e9 par l&rsquo;association EESES.<\/p>\n","protected":false},"author":2,"featured_media":0,"parent":0,"menu_order":0,"comment_status":"closed","ping_status":"closed","template":"","meta":{"footnotes":""},"class_list":["post-72","page","type-page","status-publish","hentry"],"_links":{"self":[{"href":"https:\/\/eeses.org\/index.php?rest_route=\/wp\/v2\/pages\/72","targetHints":{"allow":["GET"]}}],"collection":[{"href":"https:\/\/eeses.org\/index.php?rest_route=\/wp\/v2\/pages"}],"about":[{"href":"https:\/\/eeses.org\/index.php?rest_route=\/wp\/v2\/types\/page"}],"author":[{"embeddable":true,"href":"https:\/\/eeses.org\/index.php?rest_route=\/wp\/v2\/users\/2"}],"replies":[{"embeddable":true,"href":"https:\/\/eeses.org\/index.php?rest_route=%2Fwp%2Fv2%2Fcomments&post=72"}],"version-history":[{"count":3,"href":"https:\/\/eeses.org\/index.php?rest_route=\/wp\/v2\/pages\/72\/revisions"}],"predecessor-version":[{"id":77,"href":"https:\/\/eeses.org\/index.php?rest_route=\/wp\/v2\/pages\/72\/revisions\/77"}],"wp:attachment":[{"href":"https:\/\/eeses.org\/index.php?rest_route=%2Fwp%2Fv2%2Fmedia&parent=72"}],"curies":[{"name":"wp","href":"https:\/\/api.w.org\/{rel}","templated":true}]}}