{"id":66,"date":"2025-03-25T08:53:08","date_gmt":"2025-03-25T07:53:08","guid":{"rendered":"https:\/\/eeses.org\/?page_id=66"},"modified":"2025-06-04T16:27:05","modified_gmt":"2025-06-04T14:27:05","slug":"partenaires","status":"publish","type":"page","link":"https:\/\/eeses.org\/?page_id=66","title":{"rendered":"Partenaires"},"content":{"rendered":"\n<p>L&rsquo;association EESES \u00e9mane de l&rsquo;\u00e9quipe <a href=\"https:\/\/labos1point5.org\/enseignement\">Enseignement du Groupement de Recherche Labos1point5<\/a> ; elle travaille \u00e9troitement avec Labos1point5. <\/p>\n\n\n\n<figure class=\"wp-block-image size-full is-resized\"><img loading=\"lazy\" decoding=\"async\" width=\"1000\" height=\"216\" src=\"https:\/\/eeses.org\/wp-content\/uploads\/2025\/05\/L1P5.png\" alt=\"\" class=\"wp-image-81\" style=\"width:225px;height:auto\" srcset=\"https:\/\/eeses.org\/wp-content\/uploads\/2025\/05\/L1P5.png 1000w, https:\/\/eeses.org\/wp-content\/uploads\/2025\/05\/L1P5-300x65.png 300w, https:\/\/eeses.org\/wp-content\/uploads\/2025\/05\/L1P5-768x166.png 768w\" sizes=\"auto, (max-width: 1000px) 100vw, 1000px\" \/><\/figure>\n\n\n\n<p>Adh\u00e9sions de personnes morales en soutien \u00e0 l&rsquo;association<\/p>\n\n\n\n<ul class=\"wp-block-list\">\n<li>IUT de Bobigny<\/li>\n\n\n\n<li>Universit\u00e9 de Picardie Jules Verne<\/li>\n\n\n\n<li>Universit\u00e9 de Rennes<\/li>\n\n\n\n<li>Universit\u00e9 Marie et Louis Pasteur<\/li>\n\n\n\n<li>INP Auvergne<\/li>\n<\/ul>\n","protected":false},"excerpt":{"rendered":"<p>L&rsquo;association EESES \u00e9mane de l&rsquo;\u00e9quipe Enseignement du Groupement de Recherche Labos1point5 ; elle travaille \u00e9troitement avec Labos1point5. Adh\u00e9sions de personnes morales en soutien \u00e0 l&rsquo;association<\/p>\n","protected":false},"author":2,"featured_media":0,"parent":0,"menu_order":0,"comment_status":"closed","ping_status":"closed","template":"","meta":{"footnotes":""},"class_list":["post-66","page","type-page","status-publish","hentry"],"_links":{"self":[{"href":"https:\/\/eeses.org\/index.php?rest_route=\/wp\/v2\/pages\/66","targetHints":{"allow":["GET"]}}],"collection":[{"href":"https:\/\/eeses.org\/index.php?rest_route=\/wp\/v2\/pages"}],"about":[{"href":"https:\/\/eeses.org\/index.php?rest_route=\/wp\/v2\/types\/page"}],"author":[{"embeddable":true,"href":"https:\/\/eeses.org\/index.php?rest_route=\/wp\/v2\/users\/2"}],"replies":[{"embeddable":true,"href":"https:\/\/eeses.org\/index.php?rest_route=%2Fwp%2Fv2%2Fcomments&post=66"}],"version-history":[{"count":4,"href":"https:\/\/eeses.org\/index.php?rest_route=\/wp\/v2\/pages\/66\/revisions"}],"predecessor-version":[{"id":94,"href":"https:\/\/eeses.org\/index.php?rest_route=\/wp\/v2\/pages\/66\/revisions\/94"}],"wp:attachment":[{"href":"https:\/\/eeses.org\/index.php?rest_route=%2Fwp%2Fv2%2Fmedia&parent=66"}],"curies":[{"name":"wp","href":"https:\/\/api.w.org\/{rel}","templated":true}]}}