{"id":168,"date":"2026-02-02T15:08:36","date_gmt":"2026-02-02T14:08:36","guid":{"rendered":"https:\/\/eeses.org\/?page_id=168"},"modified":"2026-03-25T12:22:11","modified_gmt":"2026-03-25T11:22:11","slug":"webinaires","status":"publish","type":"page","link":"https:\/\/eeses.org\/?page_id=168","title":{"rendered":"Webinaires"},"content":{"rendered":"\n<p>Les vid\u00e9os des webinaires sont sur la<a href=\"https:\/\/peer.tube\/a\/eeses\/video-channels\"> chaine Peertube<\/a> de l&rsquo;association.<\/p>\n\n\n\n<hr class=\"wp-block-separator has-alpha-channel-opacity\"\/>\n\n\n\n<p><strong><a href=\"https:\/\/peer.tube\/w\/qC6UvnXpBpMbKoXNqp3BLC\">Les p\u00e9dagogies actives en amphith\u00e9\u00e2tre<\/a><\/strong>, Sylvain Connac, 18 mars 2026<\/p>\n\n\n<iframe loading=\"lazy\" title=\"Les p\u00e9dagogies actives en amphith\u00e9\u00e2tre\" width=\"560\" height=\"315\" src=\"https:\/\/peer.tube\/videos\/embed\/qC6UvnXpBpMbKoXNqp3BLC\" style=\"border: 0px;\" allow=\"fullscreen\" sandbox=\"allow-same-origin allow-scripts allow-popups allow-forms\"><\/iframe>\n\n\n<hr class=\"wp-block-separator has-alpha-channel-opacity\"\/>\n\n\n\n<p><strong><a href=\"https:\/\/peer.tube\/w\/puoyBrjYetXEXLn5fmZSeP\">Le th\u00e9\u00e2tre forum comme outil p\u00e9dagogique au service des enseignements TEDS<\/a><\/strong>, Isabelle Laplace, 30 janvier 2026<\/p>\n\n\n<iframe loading=\"lazy\" title=\"Webinaire sur le th\u00e9\u00e2tre forum\" width=\"560\" height=\"315\" src=\"https:\/\/peer.tube\/videos\/embed\/puoyBrjYetXEXLn5fmZSeP\" style=\"border: 0px;\" allow=\"fullscreen\" sandbox=\"allow-same-origin allow-scripts allow-popups allow-forms\"><\/iframe>\n\n\n<ul class=\"wp-block-list\">\n<li>Le diaporama : <\/li>\n<\/ul>\n\n\n\n<div data-wp-interactive=\"core\/file\" class=\"wp-block-file\"><object data-wp-bind--hidden=\"!state.hasPdfPreview\" hidden class=\"wp-block-file__embed\" data=\"https:\/\/eeses.org\/wp-content\/uploads\/2026\/02\/Webinaire-theatre-forum-2026-01-30.pdf\" type=\"application\/pdf\" style=\"width:100%;height:330px\" aria-label=\"Contenu embarqu\u00e9 Webinaire theatre forum 2026-01-30.\"><\/object><a id=\"wp-block-file--media-7b3b4f5d-94de-4012-ace0-d13adfbad389\" href=\"https:\/\/eeses.org\/wp-content\/uploads\/2026\/02\/Webinaire-theatre-forum-2026-01-30.pdf\">Webinaire theatre forum 2026-01-30<\/a><a href=\"https:\/\/eeses.org\/wp-content\/uploads\/2026\/02\/Webinaire-theatre-forum-2026-01-30.pdf\" class=\"wp-block-file__button wp-element-button\" download aria-describedby=\"wp-block-file--media-7b3b4f5d-94de-4012-ace0-d13adfbad389\">T\u00e9l\u00e9charger<\/a><\/div>\n","protected":false},"excerpt":{"rendered":"<p>Les vid\u00e9os des webinaires sont sur la chaine Peertube de l&rsquo;association. Les p\u00e9dagogies actives en amphith\u00e9\u00e2tre, Sylvain Connac, 18 mars 2026 Le th\u00e9\u00e2tre forum comme outil p\u00e9dagogique au service des enseignements TEDS, Isabelle Laplace, 30 janvier 2026<\/p>\n","protected":false},"author":2,"featured_media":0,"parent":0,"menu_order":0,"comment_status":"closed","ping_status":"closed","template":"","meta":{"footnotes":""},"class_list":["post-168","page","type-page","status-publish","hentry"],"_links":{"self":[{"href":"https:\/\/eeses.org\/index.php?rest_route=\/wp\/v2\/pages\/168","targetHints":{"allow":["GET"]}}],"collection":[{"href":"https:\/\/eeses.org\/index.php?rest_route=\/wp\/v2\/pages"}],"about":[{"href":"https:\/\/eeses.org\/index.php?rest_route=\/wp\/v2\/types\/page"}],"author":[{"embeddable":true,"href":"https:\/\/eeses.org\/index.php?rest_route=\/wp\/v2\/users\/2"}],"replies":[{"embeddable":true,"href":"https:\/\/eeses.org\/index.php?rest_route=%2Fwp%2Fv2%2Fcomments&post=168"}],"version-history":[{"count":9,"href":"https:\/\/eeses.org\/index.php?rest_route=\/wp\/v2\/pages\/168\/revisions"}],"predecessor-version":[{"id":184,"href":"https:\/\/eeses.org\/index.php?rest_route=\/wp\/v2\/pages\/168\/revisions\/184"}],"wp:attachment":[{"href":"https:\/\/eeses.org\/index.php?rest_route=%2Fwp%2Fv2%2Fmedia&parent=168"}],"curies":[{"name":"wp","href":"https:\/\/api.w.org\/{rel}","templated":true}]}}